{"id":253,"date":"2026-02-06T13:47:24","date_gmt":"2026-02-06T13:47:24","guid":{"rendered":"https:\/\/thortrueffel.com\/?page_id=253"},"modified":"2026-02-06T13:47:25","modified_gmt":"2026-02-06T13:47:25","slug":"general-terms-and-conditions","status":"publish","type":"page","link":"https:\/\/thortrueffel.com\/en\/allgemeine-geschaeftsbedingungen\/","title":{"rendered":"General Terms and Conditions"},"content":{"rendered":"<p>These General Terms and Conditions apply to all orders placed via this online store.<br>By placing an order, you agree to these terms and conditions.<br>All prices are inclusive of statutory taxes unless otherwise stated.<br>The contract is concluded with the order confirmation.<br>The statutory warranty and revocation rights apply.<\/p>\n\n\n\n<p>Please read the information on returns, exchanges and warranty on the corresponding page on this website.<\/p>","protected":false},"excerpt":{"rendered":"<p>Diese Allgemeinen Gesch\u00e4ftsbedingungen gelten f\u00fcr alle Bestellungen \u00fcber diesen Online-Shop.Mit Abschluss einer Bestellung erkl\u00e4rst du dich mit diesen Bedingungen einverstanden.Alle Preise verstehen sich inklusive der gesetzlichen Steuern, sofern nicht anders angegeben.Der Vertrag kommt mit der Bestellbest\u00e4tigung zustande.Es gelten die gesetzlichen Gew\u00e4hrleistungs- und Widerrufsrechte. Bitte lese die Informationen zur R\u00fccknahme, Umtausch und Gew\u00e4hrleistung aud der entsprechenden [&hellip;]<\/p>\n","protected":false},"author":1,"featured_media":0,"parent":0,"menu_order":0,"comment_status":"closed","ping_status":"closed","template":"","meta":{"footnotes":""},"class_list":["post-253","page","type-page","status-publish","hentry"],"_links":{"self":[{"href":"https:\/\/thortrueffel.com\/en\/wp-json\/wp\/v2\/pages\/253","targetHints":{"allow":["GET"]}}],"collection":[{"href":"https:\/\/thortrueffel.com\/en\/wp-json\/wp\/v2\/pages"}],"about":[{"href":"https:\/\/thortrueffel.com\/en\/wp-json\/wp\/v2\/types\/page"}],"author":[{"embeddable":true,"href":"https:\/\/thortrueffel.com\/en\/wp-json\/wp\/v2\/users\/1"}],"replies":[{"embeddable":true,"href":"https:\/\/thortrueffel.com\/en\/wp-json\/wp\/v2\/comments?post=253"}],"version-history":[{"count":1,"href":"https:\/\/thortrueffel.com\/en\/wp-json\/wp\/v2\/pages\/253\/revisions"}],"predecessor-version":[{"id":254,"href":"https:\/\/thortrueffel.com\/en\/wp-json\/wp\/v2\/pages\/253\/revisions\/254"}],"wp:attachment":[{"href":"https:\/\/thortrueffel.com\/en\/wp-json\/wp\/v2\/media?parent=253"}],"curies":[{"name":"wp","href":"https:\/\/api.w.org\/{rel}","templated":true}]}}