{"id":253,"date":"2026-02-06T13:47:24","date_gmt":"2026-02-06T13:47:24","guid":{"rendered":"https:\/\/thortrueffel.com\/?page_id=253"},"modified":"2026-02-06T13:47:25","modified_gmt":"2026-02-06T13:47:25","slug":"algemene-voorwaarden","status":"publish","type":"page","link":"https:\/\/thortrueffel.com\/nl\/allgemeine-geschaeftsbedingungen\/","title":{"rendered":"Algemene voorwaarden"},"content":{"rendered":"<p>Deze Algemene Voorwaarden zijn van toepassing op alle bestellingen die via deze online shop worden geplaatst.<br>Door een bestelling te plaatsen, ga je akkoord met deze algemene voorwaarden.<br>Alle prijzen zijn inclusief wettelijke belastingen, tenzij anders vermeld.<br>Het contract wordt gesloten met de orderbevestiging.<br>De wettelijke garantie- en annuleringsrechten zijn van toepassing.<\/p>\n\n\n\n<p>Lees de informatie over retourneren, ruilen en garantie op de betreffende pagina op deze website.<\/p>","protected":false},"excerpt":{"rendered":"<p>Diese Allgemeinen Gesch\u00e4ftsbedingungen gelten f\u00fcr alle Bestellungen \u00fcber diesen Online-Shop.Mit Abschluss einer Bestellung erkl\u00e4rst du dich mit diesen Bedingungen einverstanden.Alle Preise verstehen sich inklusive der gesetzlichen Steuern, sofern nicht anders angegeben.Der Vertrag kommt mit der Bestellbest\u00e4tigung zustande.Es gelten die gesetzlichen Gew\u00e4hrleistungs- und Widerrufsrechte. Bitte lese die Informationen zur R\u00fccknahme, Umtausch und Gew\u00e4hrleistung aud der entsprechenden [&hellip;]<\/p>\n","protected":false},"author":1,"featured_media":0,"parent":0,"menu_order":0,"comment_status":"closed","ping_status":"closed","template":"","meta":{"footnotes":""},"class_list":["post-253","page","type-page","status-publish","hentry"],"_links":{"self":[{"href":"https:\/\/thortrueffel.com\/nl\/wp-json\/wp\/v2\/pages\/253","targetHints":{"allow":["GET"]}}],"collection":[{"href":"https:\/\/thortrueffel.com\/nl\/wp-json\/wp\/v2\/pages"}],"about":[{"href":"https:\/\/thortrueffel.com\/nl\/wp-json\/wp\/v2\/types\/page"}],"author":[{"embeddable":true,"href":"https:\/\/thortrueffel.com\/nl\/wp-json\/wp\/v2\/users\/1"}],"replies":[{"embeddable":true,"href":"https:\/\/thortrueffel.com\/nl\/wp-json\/wp\/v2\/comments?post=253"}],"version-history":[{"count":1,"href":"https:\/\/thortrueffel.com\/nl\/wp-json\/wp\/v2\/pages\/253\/revisions"}],"predecessor-version":[{"id":254,"href":"https:\/\/thortrueffel.com\/nl\/wp-json\/wp\/v2\/pages\/253\/revisions\/254"}],"wp:attachment":[{"href":"https:\/\/thortrueffel.com\/nl\/wp-json\/wp\/v2\/media?parent=253"}],"curies":[{"name":"wp","href":"https:\/\/api.w.org\/{rel}","templated":true}]}}